{"id":10,"date":"2025-05-16T12:11:38","date_gmt":"2025-05-16T12:11:38","guid":{"rendered":"https:\/\/rikosvahinko.fi\/7\/?page_id=10"},"modified":"2025-10-16T07:29:22","modified_gmt":"2025-10-16T07:29:22","slug":"kuluttajapalvelut","status":"publish","type":"page","link":"https:\/\/rikosvahinko.fi\/7\/","title":{"rendered":"Kuluttajapalvelut"},"content":{"rendered":"<div id=\"cs-content\" class=\"cs-content\"><div class=\"x-section e10-e1 ma-0 ma-1 ma-2\" id=\"banneri\"><div class=\"x-bg\"><div class=\"x-bg-layer-lower-img\" data-x-element-bg-layer=\"{&quot;parallaxSize&quot;:&quot;150%&quot;,&quot;parallaxDir&quot;:&quot;v&quot;,&quot;parallaxRev&quot;:false}\"><img decoding=\"async\" src=\"https:\/\/rikosvahinko.fi\/7\/wp-content\/uploads\/2025\/09\/businessman-and-businesswoman-reading-and-analysin-2025-04-03-12-59-42-utc.jpg\" alt=\"Businessmies- ja nainen allekirjoittamassa asiakirjaa\"\/><\/div><div class=\"x-bg-layer-upper-color\" aria-hidden=\"true\"><\/div><\/div><div class=\"x-row x-container max width e10-e2 ma-8 ma-9 ma-a ma-b ma-c ma-j ma-k\"><div class=\"x-row-inner\"><div class=\"x-col e10-e3 ma-v ma-w\"><div class=\"x-text x-text-headline e10-e4 ma-12 ma-13 ma-14 ma-15 ylaotsikko\"><div class=\"x-text-content\"><div class=\"x-text-content-text\"><h1 class=\"x-text-content-text-primary\"><span style=\"color: var(--yksityis);\">Rikosvahinko<\/span> \u2013 mit\u00e4 se tarkoittaa ja miten korvausta haetaan?<\/h1>\n<\/div><\/div><\/div><div class=\"x-text x-content e10-e5 ma-1a ma-1b ma-1c ma-1d leipa\"><p>Rikos voi aiheuttaa paitsi henkist&auml; k&auml;rsimyst&auml; my&ouml;s taloudellisia menetyksi&auml;. Rikosvahinko tarkoittaa rikoksesta uhrille aiheutunutta vahinkoa, kuten loukkaantumista, omaisuuden menetyst&auml; tai k&auml;rsimyst&auml;.<\/p>\n<p>Suomessa rikoksen uhri voi saada korvauksia joko rikoksentekij&auml;lt&auml;, vakuutuksesta tai valtion maksamana rikosvahinkokorvauksena.<\/p>\n<p>Lue lis&auml;&auml; aiheesta t&auml;st&auml; artikkelista.<\/p><\/div><\/div><\/div><\/div><\/div><div class=\"x-section e10-e6 ma-0 ma-3 ma-4\" id=\"alku\"><div class=\"x-row x-container max width e10-e7 ma-8 ma-9 ma-a ma-b ma-d ma-e ma-l ma-m\"><div class=\"x-row-inner\"><div class=\"x-col e10-e8 ma-v\"><div class=\"x-text x-text-headline e10-e9 ma-12 ma-13 ma-15 ma-16 alaotsikko\"><div class=\"x-text-content\"><div class=\"x-text-content-text\"><h1 class=\"x-text-content-text-primary\">Mit&auml; rikosvahinko kattaa?<\/h1>\n<\/div><\/div><\/div><div class=\"x-text x-content e10-e10 ma-1a ma-1b ma-1e ma-1f leipa\"><p>Rikosvahinko voi olla:<\/p>\n\n<ul>\n \t<li><strong>Henkil\u00f6vahinko:<\/strong>\u00a0esimerkiksi fyysiset vammat, sairaanhoitokulut ja ansionmenetys.<\/li>\n \t<li><strong>Esinevahinko:<\/strong>\u00a0rikoksessa tuhottu tai varastettu omaisuus.<\/li>\n \t<li><strong>K\u00e4rsimys:<\/strong>\u00a0esimerkiksi v\u00e4kivaltarikoksen tai seksuaalirikoksen aiheuttama henkinen haitta.<\/li>\n<\/ul><\/div><a class=\"x-anchor x-anchor-button e10-e11 ma-1h ma-1i ma-1j ma-1k nappi-yksityis\" tabindex=\"0\" href=\"https:\/\/www.anko.fi\/\" target=\"_blank\" rel=\"noopener noreferrer\"><div class=\"x-anchor-content\"><div class=\"x-anchor-text\"><span class=\"x-anchor-text-primary\">Ota yhteytt\u00e4 asiantuntijaan<\/span><\/div><\/div><\/a><\/div><div class=\"x-col e10-e12 ma-v ma-x ma-y ma-z kuva\"><div class=\"x-bg\"><div class=\"x-bg-layer-lower-img\"><img decoding=\"async\" src=\"https:\/\/rikosvahinko.fi\/7\/wp-content\/uploads\/2025\/09\/crack-on-the-glass-at-a-residential-house-2024-11-27-16-07-11-utc.jpg\" alt=\"Rikkoutunut ikkuna\"\/><\/div><\/div><\/div><\/div><\/div><div class=\"x-row x-container max width e10-e13 ma-8 ma-b ma-d ma-e ma-f ma-g ma-l ma-n\"><div class=\"x-row-inner\"><div class=\"x-col e10-e14 ma-v\"><div class=\"x-text x-text-headline e10-e15 ma-12 ma-13 ma-15 ma-16 alaotsikko\"><div class=\"x-text-content\"><div class=\"x-text-content-text\"><h1 class=\"x-text-content-text-primary\">Kenell&auml; on oikeus rikosvahinkokorvaukseen?<\/h1>\n<\/div><\/div><\/div><div class=\"x-text x-content e10-e16 ma-1a ma-1b ma-1c ma-1f leipa\"><p>Rikosvahinkolain mukaan korvausta voi hakea rikoksen uhri, h\u00e4nen l\u00e4hiomaisensa tai rikoksen johdosta menehtyneen perheenj\u00e4senet.<\/p>\n<p>Korvausta voidaan maksaa my\u00f6s, jos tekij\u00e4 j\u00e4\u00e4 tuntemattomaksi tai on varaton.<\/p><\/div><\/div><div class=\"x-col e10-e17 ma-v ma-x ma-y ma-z kuva\"><div class=\"x-bg\"><div class=\"x-bg-layer-lower-img\"><img decoding=\"async\" src=\"https:\/\/rikosvahinko.fi\/7\/wp-content\/uploads\/2025\/09\/caucasian-and-middle-eastern-men-shaking-hands-sta-2025-02-11-15-39-37-utc.jpg\" alt=\"Kaksi pukumiest\u00e4 k\u00e4ttelee kokoushuoneessa\"\/><\/div><\/div><\/div><\/div><\/div><\/div><div class=\"x-section e10-e18 ma-0 ma-3 ma-4 ma-5\"><div class=\"x-row x-container max width e10-e19 ma-8 ma-9 ma-a ma-b ma-d ma-e ma-l ma-o\"><div class=\"x-row-inner\"><div class=\"x-col e10-e20 ma-v\"><div class=\"x-text x-text-headline e10-e21 ma-12 ma-13 ma-15 ma-16 alaotsikko\"><div class=\"x-text-content\"><div class=\"x-text-content-text\"><h1 class=\"x-text-content-text-primary\">Miten rikosvahinkokorvausta haetaan?<\/h1>\n<\/div><\/div><\/div><div class=\"x-text x-content e10-e22 ma-1a ma-1b ma-1e ma-1f leipa\"><ol>\n \t<li><strong>Rikosilmoitus:<\/strong>\u00a0Prosessi k\u00e4ynnistyy poliisille teht\u00e4v\u00e4ll\u00e4 rikosilmoituksella.<\/li>\n \t<li><strong>Vaatimukset rikosprosessissa:<\/strong>\u00a0Uhrin kannattaa esitt\u00e4\u00e4 korvausvaatimuksensa oikeudenk\u00e4ynniss\u00e4.<\/li>\n \t<li><strong>Vahingonkorvaus tuomiolla:<\/strong>\u00a0Tuomioistuin voi velvoittaa tekij\u00e4n maksamaan korvauksia.<\/li>\n \t<li><strong>Hakemus Valtiokonttorille:<\/strong>\u00a0Jos tekij\u00e4 ei maksa tai j\u00e4\u00e4 tuntemattomaksi, korvausta voi hakea Valtiokonttorilta rikosvahinkolain perusteella.<\/li>\n<\/ol><\/div><a class=\"x-anchor x-anchor-button e10-e23 ma-1h ma-1i ma-1j ma-1k nappi-yksityis\" tabindex=\"0\" href=\"https:\/\/www.anko.fi\/\" target=\"_blank\" rel=\"noopener noreferrer\"><div class=\"x-anchor-content\"><div class=\"x-anchor-text\"><span class=\"x-anchor-text-primary\">Ota yhteytt\u00e4 asiantuntijaan<\/span><\/div><\/div><\/a><\/div><div class=\"x-col e10-e24 ma-v ma-x ma-y ma-z kuva\"><div class=\"x-bg\"><div class=\"x-bg-layer-lower-img\"><img decoding=\"async\" src=\"https:\/\/rikosvahinko.fi\/7\/wp-content\/uploads\/2025\/09\/person-hands-and-touch-with-empathy-for-social-gr-2025-04-06-12-17-49-utc.jpg\" alt=\"Nainen pit\u00e4\u00e4 k\u00e4tt\u00e4\u00e4n henkil\u00f6n olkap\u00e4\u00e4ll\u00e4\"\/><\/div><\/div><\/div><\/div><\/div><div class=\"x-row x-container max width e10-e25 ma-8 ma-b ma-d ma-e ma-f ma-g ma-l ma-p\"><div class=\"x-row-inner\"><div class=\"x-col e10-e26 ma-v\"><div class=\"x-text x-text-headline e10-e27 ma-12 ma-13 ma-15 ma-16 alaotsikko\"><div class=\"x-text-content\"><div class=\"x-text-content-text\"><h1 class=\"x-text-content-text-primary\">Kuinka kauan rikosvahinkokorvausta voi hakea?<\/h1>\n<\/div><\/div><\/div><div class=\"x-text x-content e10-e28 ma-1a ma-1b ma-1c ma-1f leipa\"><p>Hakemus Valtiokonttorille on teht&auml;v&auml;&nbsp;<strong>kolmen vuoden kuluessa<\/strong>&nbsp;siit&auml;, kun rikos on lainvoimaisesti ratkaistu tai rikosasia on rauennut.<\/p><\/div><\/div><div class=\"x-col e10-e29 ma-v ma-x ma-y ma-z kuva\"><div class=\"x-bg\"><div class=\"x-bg-layer-lower-img\"><img decoding=\"async\" src=\"https:\/\/rikosvahinko.fi\/7\/wp-content\/uploads\/2025\/09\/law-and-authority-lawyer-concept-judgment-gavel-h-2025-03-25-04-25-11-utc.jpg\" alt=\"Lakikirjoja ty\u00f6p\u00f6yd\u00e4ll\u00e4\"\/><\/div><\/div><\/div><\/div><\/div><\/div><div class=\"x-section e10-e30 ma-0 ma-3 ma-4 ma-6\"><div class=\"x-row x-container max width e10-e31 ma-8 ma-9 ma-a ma-b ma-e ma-h ma-q\"><div class=\"x-row-inner\"><div class=\"x-col e10-e32 ma-v\"><div class=\"x-div e10-e33 ma-1o ma-1p kuva\"><div class=\"x-bg\"><div class=\"x-bg-layer-lower-img\"><img decoding=\"async\" src=\"https:\/\/rikosvahinko.fi\/7\/wp-content\/uploads\/2025\/05\/smiling-woman-and-insurance-agent-shaking-hands-in-2024-11-18-09-49-51-utc.jpg\" alt=\"Mies ja nainen tapaamassa lakimiest\u00e4 toimistossa, nainen ja lakimies k\u00e4ttelev\u00e4t\"\/><\/div><\/div><\/div><div class=\"x-text x-text-headline e10-e34 ma-13 ma-15 ma-16 ma-17 ma-18 alaotsikko\"><div class=\"x-text-content\"><div class=\"x-text-content-text\"><h1 class=\"x-text-content-text-primary\">Miksi juristin apu on hy&ouml;dyksi rikosvahinkoasioissa?<\/h1>\n<\/div><\/div><\/div><div class=\"x-text x-content e10-e35 ma-1a ma-1b ma-1c ma-1f leipa\"><p>Rikosvahinkoihin liittyv&auml;t prosessit voivat olla monimutkaisia. Juristi auttaa mm.:<\/p>\n<ul>\n<li>Korvausvaatimusten laatimisessa rikosprosessiin<\/li>\n<li>Oikeudenk&auml;ynniss&auml; edustamisessa<\/li>\n<li>Hakemuksen laatimisessa Valtiokonttorille<\/li>\n<li>Varmistamassa, ett&auml; kaikki korvattavat vahingot tulevat huomioiduksi<\/li>\n<\/ul><\/div><\/div><div class=\"x-col e10-e36 ma-v\"><div class=\"x-div e10-e37 ma-1o ma-1q kuva\"><div class=\"x-bg\"><div class=\"x-bg-layer-lower-img\"><img decoding=\"async\" src=\"https:\/\/rikosvahinko.fi\/7\/wp-content\/uploads\/2025\/05\/selective-focus-of-handsome-advisor-in-suit-discus-2024-11-18-13-19-01-utc.jpg\" alt=\"Mies ja nainen tapaamassa lakimiest\u00e4 toimistossa\"\/><\/div><\/div><\/div><div class=\"x-text x-text-headline e10-e38 ma-13 ma-15 ma-16 ma-17 ma-18 alaotsikko\"><div class=\"x-text-content\"><div class=\"x-text-content-text\"><h1 class=\"x-text-content-text-primary\">Oletko joutunut rikoksen uhriksi?<\/h1>\n<\/div><\/div><\/div><div class=\"x-text x-content e10-e39 ma-1a ma-1b ma-1e ma-1f leipa\"><p>Rikosvahinko voi j&auml;rkytt&auml;&auml; arkea monin tavoin, mutta siihen liittyviss&auml; korvauskysymyksiss&auml; et ole yksin. Asiantunteva juristi varmistaa, ett&auml; oikeutesi toteutuvat ja korvaukset haetaan oikein.<\/p>\n<p><strong>Ota yhteytt&auml;, niin autamme sinua rikosvahinkoasiassa.<\/strong><\/p><\/div><a class=\"x-anchor x-anchor-button e10-e40 ma-1h ma-1i ma-1j ma-1k nappi-yksityis\" tabindex=\"0\" href=\"https:\/\/www.anko.fi\/\" target=\"_blank\" rel=\"noopener noreferrer\"><div class=\"x-anchor-content\"><div class=\"x-anchor-text\"><span class=\"x-anchor-text-primary\">Ota yhteytt\u00e4 asiantuntijaan<\/span><\/div><\/div><\/a><\/div><\/div><\/div><\/div><div class=\"x-section e10-e41 ma-0 ma-2 ma-3 ma-7\"><div class=\"x-bg\"><div class=\"x-bg-layer-lower-img\" data-x-element-bg-layer=\"{&quot;parallaxSize&quot;:&quot;150%&quot;,&quot;parallaxDir&quot;:&quot;v&quot;,&quot;parallaxRev&quot;:false}\"><img decoding=\"async\" src=\"https:\/\/rikosvahinko.fi\/7\/wp-content\/uploads\/2025\/05\/business-team-meeting-2025-02-10-13-53-37-utc.jpg\" alt=\"Kolme ihmist\u00e4 tekem\u00e4ss\u00e4 t\u00f6it\u00e4 p\u00f6yd\u00e4n \u00e4\u00e4ress\u00e4 toimistossa\"\/><\/div><div class=\"x-bg-layer-upper-color\" aria-hidden=\"true\"><\/div><\/div><div class=\"x-row x-container max width e10-e42 ma-8 ma-9 ma-a ma-c ma-i ma-j ma-r\"><div class=\"x-row-inner\"><div class=\"x-col e10-e43 ma-v ma-x ma-10\"><div class=\"x-text x-text-headline e10-e44 ma-13 ma-16 ma-18 ma-19 alaotsikko\"><div class=\"x-text-content\"><div class=\"x-text-content-text\"><h1 class=\"x-text-content-text-primary\">Tarvitsetko apua?<\/h1>\n<\/div><\/div><\/div><div class=\"x-text x-content e10-e45 ma-1b ma-1g ala-alaotsikko\"><p dir=\"ltr\">Ota meihin yhteytt&auml; &ndash; toimimme oikeudenmukaisuuden puolesta.<\/p><\/div><a class=\"x-anchor x-anchor-button e10-e46 ma-1h ma-1i ma-1l ma-1m nappi-valk-yksityis\" tabindex=\"0\" href=\"https:\/\/www.anko.fi\" target=\"_blank\" rel=\"noopener noreferrer\"><div class=\"x-anchor-content\"><div class=\"x-anchor-text\"><span class=\"x-anchor-text-primary\">Ota yhteytt\u00e4 asiantuntijaan<\/span><\/div><\/div><\/a><\/div><\/div><\/div><\/div><div class=\"x-section e10-e47 ma-0 ma-3 ma-4 ma-6\" id=\"meista\"><div class=\"x-row x-container max width e10-e48 ma-8 ma-9 ma-b ma-d ma-e ma-g ma-l ma-s\"><div class=\"x-row-inner\"><div class=\"x-col e10-e49 ma-v\"><div class=\"x-text x-text-headline e10-e50 ma-12 ma-13 ma-15 ma-16 alaotsikko\"><div class=\"x-text-content\"><div class=\"x-text-content-text\"><h1 class=\"x-text-content-text-primary\">Meist&auml;<\/h1>\n<\/div><\/div><\/div><div class=\"x-text x-content e10-e51 ma-1a ma-1b ma-1e ma-1f leipa\"><div class=\"elementor-element elementor-element-6e15265 elementor-widget elementor-widget-text-editor\" data-id=\"6e15265\" data-element_type=\"widget\" data-widget_type=\"text-editor.default\">\n<div class=\"elementor-widget-container\">\n<p>Rikosvahinko.fi on oikeudellinen palvelu, joka tarjoaa asiantuntevaa apua tilanteisiin, joissa rikoksesta on aiheutunut uhrille vahinkoa, kuten loukkaantumista, omaisuuden menetyst&auml; tai k&auml;rsimyst&auml;.<\/p>\n<p>Palvelun toteutuksesta vastaa&nbsp;<a href=\"https:\/\/www.anko.fi\/\" target=\"_blank\" rel=\"noopener\" data-saferedirecturl=\"https:\/\/www.google.com\/url?q=https:\/\/www.anko.fi\/&amp;source=gmail&amp;ust=1755663964267000&amp;usg=AOvVaw3xy0KOs-QA-GzWNoUndxy7\">Anko Lakiasiaintoimisto<\/a>, ja jokaisesta asiakastapauksesta huolehtii luvan saanut oikeudenk&auml;yntiavustaja.<\/p>\n<p>Kun joudut rikosvahingon uhriksi, meilt&auml; saat asiantuntevan juristin puolellesi.<\/p>\n<\/div>\n<\/div><\/div><a class=\"x-anchor x-anchor-button e10-e52 ma-1h ma-1i ma-1j ma-1k nappi-yksityis\" tabindex=\"0\" href=\"https:\/\/www.anko.fi\/\" target=\"_blank\" rel=\"noopener noreferrer\"><div class=\"x-anchor-content\"><div class=\"x-anchor-text\"><span class=\"x-anchor-text-primary\">Ota yhteytt\u00e4 asiantuntijaan<\/span><\/div><\/div><\/a><\/div><div class=\"x-col e10-e53 ma-v ma-x ma-y ma-11 kuva\"><div class=\"x-bg\"><div class=\"x-bg-layer-lower-img\"><img decoding=\"async\" src=\"https:\/\/rikosvahinko.fi\/7\/wp-content\/uploads\/2025\/06\/business-people-meeting-in-a-business-park-2025-03-13-12-01-17-utc.jpg\" alt=\"Kolme tyt\u00f6ntekij\u00e4\u00e4 istumassa portaikossa puvut p\u00e4\u00e4ll\u00e4\"\/><\/div><\/div><\/div><\/div><\/div><\/div><div class=\"x-section e10-e54 ma-0 ma-3 ma-4 ma-5\" id=\"yhteys\"><div class=\"x-row x-container max width e10-e55 ma-8 ma-9 ma-a ma-b ma-d ma-e ma-l ma-t\"><div class=\"x-row-inner\"><div class=\"x-col e10-e56 ma-v\"><div class=\"x-text x-text-headline e10-e57 ma-12 ma-13 ma-15 ma-16 alaotsikko\"><div class=\"x-text-content\"><div class=\"x-text-content-text\"><h1 class=\"x-text-content-text-primary\">Ota yhteytt&auml;<\/h1>\n<\/div><\/div><\/div><div class=\"x-text x-content e10-e58 ma-1a ma-1b ma-1e ma-1f leipa\"><div class=\"elementor-element elementor-element-6e15265 elementor-widget elementor-widget-text-editor\" data-id=\"6e15265\" data-element_type=\"widget\" data-widget_type=\"text-editor.default\">\n<div class=\"elementor-widget-container\">\n<p>Anko Lakiasiaintoimisto Oy<\/p>\n<\/div>\n<\/div><\/div><div class=\"x-row e10-e59 ma-8 ma-9 ma-a ma-b ma-c ma-j ma-u\"><div class=\"x-row-inner\"><div class=\"x-col e10-e60 ma-v\"><a class=\"x-anchor x-anchor-button has-graphic e10-e61 ma-1i ma-1k ma-1l ma-1n nappi-yksityis\" tabindex=\"0\" href=\"tel:tel:+358103389241\"><div class=\"x-anchor-content\"><span class=\"x-graphic\" aria-hidden=\"true\"><i class=\"x-icon x-graphic-child x-graphic-icon x-graphic-primary\" aria-hidden=\"true\" data-x-icon-s=\"&#xf095;\"><\/i><\/span><div class=\"x-anchor-text\"><span class=\"x-anchor-text-primary\">010 3389 241<\/span><\/div><\/div><\/a><\/div><div class=\"x-col e10-e62 ma-v\"><a class=\"x-anchor x-anchor-button has-graphic e10-e63 ma-1i ma-1k ma-1l ma-1n nappi-yksityis\" tabindex=\"0\" href=\"mailto:anko@anko.fi\"><div class=\"x-anchor-content\"><span class=\"x-graphic\" aria-hidden=\"true\"><i class=\"x-icon x-graphic-child x-graphic-icon x-graphic-primary\" aria-hidden=\"true\" data-x-icon-s=\"&#xf0e0;\"><\/i><\/span><div class=\"x-anchor-text\"><span class=\"x-anchor-text-primary\">anko@anko.fi<\/span><\/div><\/div><\/a><\/div><\/div><\/div><\/div><div class=\"x-col e10-e64 ma-v ma-x ma-y ma-11 kuva\"><div class=\"x-bg\"><div class=\"x-bg-layer-lower-img\"><img decoding=\"async\" src=\"https:\/\/rikosvahinko.fi\/7\/wp-content\/uploads\/2025\/08\/businesswoman-on-telephone-in-office-2025-04-04-12-22-56-utc.jpg\" alt=\"Nainen puhuu puhelimeen toimistossa\"\/><\/div><\/div><\/div><\/div><\/div><\/div><\/div>\n","protected":false},"excerpt":{"rendered":"<p>Rikosvahinko \u2013 mit\u00e4 se tarkoittaa ja miten korvausta haetaan? Rikos voi aiheuttaa paitsi henkist&auml; k&auml;rsimyst&auml; my&ouml;s taloudellisia menetyksi&auml;. Rikosvahinko tarkoittaa rikoksesta uhrille aiheutunutta vahinkoa, kuten loukkaantumista, omaisuuden menetyst&auml; tai k&auml;rsimyst&auml;. Suomessa rikoksen uhri voi saada korvauksia joko rikoksentekij&auml;lt&auml;, vakuutuksesta tai valtion maksamana rikosvahinkokorvauksena. Lue lis&auml;&auml; aiheesta t&auml;st&auml; artikkelista.Mit&auml; rikosvahinko kattaa? Rikosvahinko voi olla: Henkil\u00f6vahinko:\u00a0esimerkiksi fyysiset vammat, sairaanhoitokulut ja ansionmenetys. Esinevahinko:\u00a0rikoksessa &#8230; <a href=\"https:\/\/rikosvahinko.fi\/7\/\" class=\"more-link\">Read More<\/a><\/p>\n","protected":false},"author":1,"featured_media":0,"parent":0,"menu_order":0,"comment_status":"closed","ping_status":"closed","template":"template-blank-4.php","meta":{"footnotes":""},"categories":[11],"class_list":["post-10","page","type-page","status-publish","hentry","category-yksityis","no-post-thumbnail"],"publishpress_future_action":{"enabled":false,"date":"2026-05-15 17:32:41","action":"change-status","newStatus":"draft","terms":[],"taxonomy":"category","extraData":[]},"publishpress_future_workflow_manual_trigger":{"enabledWorkflows":[]},"_links":{"self":[{"href":"https:\/\/rikosvahinko.fi\/7\/wp-json\/wp\/v2\/pages\/10","targetHints":{"allow":["GET"]}}],"collection":[{"href":"https:\/\/rikosvahinko.fi\/7\/wp-json\/wp\/v2\/pages"}],"about":[{"href":"https:\/\/rikosvahinko.fi\/7\/wp-json\/wp\/v2\/types\/page"}],"author":[{"embeddable":true,"href":"https:\/\/rikosvahinko.fi\/7\/wp-json\/wp\/v2\/users\/1"}],"replies":[{"embeddable":true,"href":"https:\/\/rikosvahinko.fi\/7\/wp-json\/wp\/v2\/comments?post=10"}],"version-history":[{"count":41,"href":"https:\/\/rikosvahinko.fi\/7\/wp-json\/wp\/v2\/pages\/10\/revisions"}],"predecessor-version":[{"id":152,"href":"https:\/\/rikosvahinko.fi\/7\/wp-json\/wp\/v2\/pages\/10\/revisions\/152"}],"wp:attachment":[{"href":"https:\/\/rikosvahinko.fi\/7\/wp-json\/wp\/v2\/media?parent=10"}],"wp:term":[{"taxonomy":"category","embeddable":true,"href":"https:\/\/rikosvahinko.fi\/7\/wp-json\/wp\/v2\/categories?post=10"}],"curies":[{"name":"wp","href":"https:\/\/api.w.org\/{rel}","templated":true}]}}